{"id":491,"date":"2023-09-26T16:02:02","date_gmt":"2023-09-26T19:02:02","guid":{"rendered":"https:\/\/sangenaro.org\/?page_id=491"},"modified":"2024-01-25T11:25:51","modified_gmt":"2024-01-25T14:25:51","slug":"politica-de-privacidad-y-proteccion-de-datos","status":"publish","type":"page","link":"https:\/\/fundacionsangenaro.org.ar\/en\/politica-de-privacidad-y-proteccion-de-datos\/","title":{"rendered":"Pol\u00edtica de privacidad y protecci\u00f3n de datos"},"content":{"rendered":"<div data-elementor-type=\"wp-page\" data-elementor-id=\"491\" class=\"elementor elementor-491\" data-elementor-post-type=\"page\">\n\t\t\t\t\t\t<section class=\"elementor-section elementor-top-section elementor-element elementor-element-9fdcec6 elementor-section-height-min-height main elementor-section-items-stretch elementor-section-boxed elementor-section-height-default\" data-id=\"9fdcec6\" data-element_type=\"section\" data-e-type=\"section\" data-settings=\"{&quot;background_background&quot;:&quot;classic&quot;}\">\n\t\t\t\t\t\t<div class=\"elementor-container elementor-column-gap-default\">\n\t\t\t\t\t<div class=\"elementor-column elementor-col-100 elementor-top-column elementor-element elementor-element-2ee861f\" data-id=\"2ee861f\" data-element_type=\"column\" data-e-type=\"column\" data-settings=\"{&quot;background_background&quot;:&quot;classic&quot;}\">\n\t\t\t<div class=\"elementor-widget-wrap elementor-element-populated\">\n\t\t\t\t\t\t<div class=\"elementor-element elementor-element-7e785d9 elementor-widget elementor-widget-heading\" data-id=\"7e785d9\" data-element_type=\"widget\" data-e-type=\"widget\" data-widget_type=\"heading.default\">\n\t\t\t\t<div class=\"elementor-widget-container\">\n\t\t\t\t\t<h1 class=\"elementor-heading-title elementor-size-default\">PRIVACY POLICY<\/h1>\t\t\t\t<\/div>\n\t\t\t\t<\/div>\n\t\t\t\t\t<\/div>\n\t\t<\/div>\n\t\t\t\t\t<\/div>\n\t\t<\/section>\n\t\t\t\t<section class=\"elementor-section elementor-top-section elementor-element elementor-element-760339b elementor-section-height-min-height elementor-section-items-stretch elementor-section-boxed elementor-section-height-default\" data-id=\"760339b\" data-element_type=\"section\" data-e-type=\"section\">\n\t\t\t\t\t\t<div class=\"elementor-container elementor-column-gap-default\">\n\t\t\t\t\t<div class=\"elementor-column elementor-col-100 elementor-top-column elementor-element elementor-element-d810dbc\" data-id=\"d810dbc\" data-element_type=\"column\" data-e-type=\"column\" data-settings=\"{&quot;background_background&quot;:&quot;classic&quot;}\">\n\t\t\t<div class=\"elementor-widget-wrap elementor-element-populated\">\n\t\t\t\t\t\t<div class=\"elementor-element elementor-element-0401454 elementor-widget elementor-widget-text-editor\" data-id=\"0401454\" data-element_type=\"widget\" data-e-type=\"widget\" data-widget_type=\"text-editor.default\">\n\t\t\t\t<div class=\"elementor-widget-container\">\n\t\t\t\t\t\t\t\t\t<p>Fundaci\u00f3n Solidaria para el Progreso Social San Genaro (hereinafter, Fundaci\u00f3n San Genaro), located at Malaver 3502, Vicente L\u00f3pez (Buenos Aires), CUIT No. 30-71451412-8, is committed to preserving personal data and guaranteeing the privacy of all its users as provided in this Privacy Policy and Personal Data Protection (\u201cPrivacy Policy\u201d).<\/p><p class=\"translation-block\">This Privacy Policy describes the practices regarding the information collected by Fundaci\u00f3n San Genaro, or its service providers, through the Website or application operated and controlled by Fundaci\u00f3n San Genaro. By providing us with personal data through this page, you accept the terms and conditions of this Privacy Policy. The Fundaci\u00f3n San Genaro website, including all the information and materials it contains, is managed by Fundaci\u00f3n San Genaro. The Fundaci\u00f3n San Genaro website refers to www.fundacionsangenaro.org.ar or any other website managed by Fundaci\u00f3n San Genaro to which this Privacy Policy applies.<\/p><p>As the data controller, Fundaci\u00f3n San Genaro ensures that its internal database processes comply with the legal obligations of security and confidentiality imposed by Law No. 25.326 on Personal Data Protection, ensuring the access, update, deletion, or correction of data by its owner (Articles 14 and 15 of Law 25.326).<\/p><p><strong>DEFINITIONS<\/strong><\/p><p class=\"translation-block\">For the interpretation of the terms used in the Policy and the regulations, they will be understood according to Article 2 of Law 25.326:<\/p><p>Datos sensibles: Datos personales que revelan origen racial y \u00e9tnico, opiniones pol\u00edticas, convicciones religiosas, filos\u00f3ficas o morales, afiliaci\u00f3n sindical e informaci\u00f3n referente a la salud o a la vida sexual.<\/p><p>- File, Register, Database, or Data Bank: Organized set of personal data subject to treatment or processing, electronic or otherwise, regardless of its formation, storage, organization, or access modality.<\/p><p>- Data Processing: Systematic operations and procedures, electronic or otherwise, that allow the collection, storage, organization, modification, relation, evaluation, blocking, destruction, and generally the processing of personal data, as well as its transfer to third parties through communications, consultations, interconnections, or transfers.<\/p><p>- Data Controller: Natural or legal person, public or private, who owns a file, register, database, or data bank.<\/p><p>Datos informatizados: Los datos personales sometidos al tratamiento o procesamiento electr\u00f3nico o automatizado.<br \/>Titular de los datos: Toda persona f\u00edsica o persona de existencia ideal con domicilio legal o delegaciones o sucursales en el pa\u00eds, cuyos datos sean objeto del tratamiento al que se refiere la presente ley.<\/p><p>-Data User: Any person, public or private, who arbitrarily processes data, either in their own files, registers, or databases or through connections with them.<\/p><p>- Data Disassociation: Any processing of personal data so that the obtained information cannot be associated with an identified or identifiable person.<\/p><p>- Data Collection for Advertising Purposes: In the case of collecting addresses, distributing documents, direct advertising or sales, and other similar activities, data that can establish specific profiles for promotional, commercial, or advertising purposes; or establish consumption habits, as long as it involves publicly accessible documents or data provided by the holders themselves or obtained with their consent.<\/p><p>- Cyberactivist: Refers to those who have signed up for at least one of our Cyberactivism and\/or Mobile Activism lists.<\/p><p><strong>Consent<\/strong><\/p><p>By using any Fundaci\u00f3n San Genaro website or application, you agree to the terms of this Privacy Policy. Fundaci\u00f3n San Genaro may change these terms occasionally. Each time you use the Fundaci\u00f3n San Genaro website, the terms of the Privacy Policy will govern according to any modifications introduced occasionally.<\/p><p>What kind of information do we collect and store?<\/p><p>The type and volume of information we receive and store depend on how you use the Fundaci\u00f3n San Genaro website. You can access most pages without revealing your identity or any personal data. During your visits to the Fundaci\u00f3n San Genaro website, our servers store anonymous log files that provide valuable information to improve the sites in the future.<\/p><p>We do not collect information that identifies the person visiting the Fundaci\u00f3n San Genaro website (such as name, address, phone number, or email address) unless the user decides to provide it, for example, by expressing interest in joining Fundaci\u00f3n San Genaro or making a donation, signing a petition or action by email, or subscribing to our email updates. If you apply for a job or volunteer at Fundaci\u00f3n San Genaro, we will collect the necessary information to process your application and evaluate your suitability for the position.<\/p><p><strong>How do we use the collected information?<\/strong><\/p><p>Fundaci\u00f3n San Genaro and its service providers will store your personal data in a secure environment, treat it as confidential data, and use it only for the purposes for which it was provided or as indicated on the Fundaci\u00f3n San Genaro website as required to fulfill our legal obligations. For example, personal data provided to make a donation will be used to process that donation, and personal data provided to express interest in joining Fundaci\u00f3n San Genaro will be used to send you information about Fundaci\u00f3n San Genaro, as expressed.<\/p><p>In compliance with Articles 2, 7, and 8 of Law 25.326, Fundaci\u00f3n San Genaro will not request information that is incompatible with the purpose of its activities, nor that directly or indirectly reveals sensitive data (such as data revealing racial and ethnic origin, political opinions, religious, ideological, or moral convictions, trade union membership, information concerning health or sexual life), except for data strictly necessary for the preparation of personal files of employees and collaborators or records of donors, volunteers, and\/or suppliers.<\/p><p class=\"translation-block\">In compliance with Law 25.326, its regulatory decree, and DNPDP Disposition 10\/2008, it is informed that the personal data you have provided will be part of the Fundaci\u00f3n San Genaro database, which has been duly registered with the National Directorate for Personal Data Protection and is committed to treating it in an absolutely confidential manner.<\/p><p><strong>Security<\/strong><\/p><p>Fundaci\u00f3n San Genaro takes and maintains all necessary measures to ensure the security of your provided personal information, implementing the necessary internal technical and organizational measures to guarantee the security and confidentiality of the data, and striving by all means to prevent unauthorized access, in compliance with Disposition 11\/06.<\/p><p>We adopt appropriate security measures to ensure that we store your data securely, accurately, and up-to-date, and that we only keep it to the extent that is reasonable and necessary. However, due to the current state of technology, Fundaci\u00f3n San Genaro cannot guarantee 100% that unauthorized access will never occur.<\/p><p><strong>Transfer of personal data<\/strong><\/p><p>The personal data you provide will not be sold or rented and will not be provided to third parties unless you give us your permission or we are required by law to disclose such information, or in the following circumstances:<br \/><br \/><\/p><ol><li>Hosting and processing: third-party service providers host the Fundaci\u00f3n San Genaro website; therefore, all personal information you provide through the website may be processed by that third-party service provider. We may also use third parties to process your personal data. For example, that third party may process your personal data to handle your expression of interest in joining Fundaci\u00f3n San Genaro, process donations to Fundaci\u00f3n San Genaro on our behalf, or process and send information to people who sign our online actions and\/or decide to subscribe to our electronic updates. All these third-party service providers will process your personal information only on behalf of Fundaci\u00f3n San Genaro and are bound by strict privacy and confidentiality conditions, including those provided in the section \"Data Processing Services by Third Parties\" below<\/li><li>Payment processing and fraud: If submitted, card data may be communicated to relevant banks or financial institutions to process payments. When a transaction is suspected to be fraudulent, card data may be communicated to other instances solely to carry out further checks (for example, to a credit reference agency).<\/li><\/ol><p>The communication of personal data described above may involve the transfer of such information outside of Argentina.<\/p><p><strong>Use of cookies<\/strong><\/p><p class=\"translation-block\">A cookie is a text-only information string that a website transfers to your computer's hard drive so that the site can remember who you are. Typically, a cookie will contain the name of the originating Internet domain, the cookie's expiry date, and a value, usually a randomly generated unique number.\nYou can restrict or block cookies by setting your Internet browser options. More information can be found at this link: www.aboutcookies.org.<\/p><p><strong>Advertising or direct marketing activities<\/strong><\/p><p class=\"translation-block\">According to Article 27 of Law 25.326 and Dispositions 10\/08 and 04\/09, any form and\/or any other document through which direct marketing activity is carried out must include the following clauses:\n- \"The owner of personal data has the right to access them free of charge at intervals of not less than six months, unless a legitimate interest is demonstrated as provided in Article 14, paragraph 3 of Law No. 25.326.\"<\/p><p>- \"The NATIONAL DIRECTORATE FOR PERSONAL DATA PROTECTION, the controlling body of Law No. 25.326, has the authority to address complaints and claims regarding the violation of personal data protection regulations.\"<\/p><p>- \"The owner of personal data has the right to exercise the right to withdraw or block their name from the database. Moreover, when sending unsolicited or previously unapproved direct advertising communications, it must be prominently stated that it is a marketing action.\"<\/p><p><strong>Data processing services by third parties<\/strong><\/p><p>According to Article 25 of Law 25.326 and Decree 1558\/2001, in the case of personal data processing by third parties, a contract must be signed establishing that the third party may not apply or use the data for purposes other than those specified in the service contract, nor transfer it to other persons. It must also provide that once the contractual service is fulfilled, the processed personal data must be destroyed, unless express authorization is given when further orders are presumed possible, in which case it may be stored with proper security conditions for up to two years.<\/p><p>Such contracts must contain the security levels provided for in Law 25.326 and complementary regulations, as well as the obligations arising for the lessees regarding the confidentiality and reservation they must maintain about the obtained information.<\/p><p>Furthermore, such a contract must specify, in particular: (i) that the data processor only acts following the data controller's instructions; (ii) that the obligations of Article 9 of Law No. 25.326 also apply to the data processor.<\/p><p><strong>Access to your personal data<\/strong><\/p><p>The owner of personal data has the right to access their data free of charge at intervals of not less than six months, unless a legitimate interest is demonstrated as provided in Article 14, paragraph 3 of Law No. 25.326. The National Directorate for Personal Data Protection, the controlling body of Law No. 25.326, has the authority to address complaints and claims regarding the violation of personal data protection regulations.<\/p><p class=\"translation-block\">If you wish to access your personal data held by us to modify it or, in some circumstances, object to our processing, or if you have any questions about this policy, please contact:\nFundaci\u00f3n San Genaro\nMalaver 3502\nVicente L\u00f3pez (Buenos Aires)\nArgentina<\/p><p>You can also write to us at contacto@fundacionsangenaro.org.ar<\/p>\t\t\t\t\t\t\t\t<\/div>\n\t\t\t\t<\/div>\n\t\t\t\t\t<\/div>\n\t\t<\/div>\n\t\t\t\t\t<\/div>\n\t\t<\/section>\n\t\t\t\t<\/div>","protected":false},"excerpt":{"rendered":"<p>POL\u00cdTICA DE PRIVACIDAD Fundaci\u00f3n Solidaria para el Progreso Social San Genaro (en adelante, Fundaci\u00f3n San Genaro), ubicada en Malaver 3502, Vicente L\u00f3pez (Buenos Aires), CUIT No. 30-71451412-8, se compromete a conservar los datos personales y garantizar la privacidad de todos sus usuarios, de la forma prevista en esta Pol\u00edtica de Privacidad y Protecci\u00f3n de Datos [&hellip;]<\/p>\n","protected":false},"author":2,"featured_media":0,"parent":0,"menu_order":0,"comment_status":"closed","ping_status":"closed","template":"elementor_header_footer","meta":{"inline_featured_image":false,"footnotes":""},"class_list":["post-491","page","type-page","status-publish","hentry"],"yoast_head":"<!-- This site is optimized with the Yoast SEO plugin v27.4 - https:\/\/yoast.com\/product\/yoast-seo-wordpress\/ -->\n<title>Pol\u00edtica de privacidad y protecci\u00f3n de datos - Fundaci\u00f3n San Genaro<\/title>\n<meta name=\"description\" content=\"Contribuimos a mejorar la calidad de vida de las personas en situaci\u00f3n de vulnerabilidad.\" \/>\n<meta name=\"robots\" content=\"index, follow, max-snippet:-1, max-image-preview:large, max-video-preview:-1\" \/>\n<link rel=\"canonical\" href=\"https:\/\/fundacionsangenaro.org.ar\/en\/politica-de-privacidad-y-proteccion-de-datos\/\" \/>\n<meta property=\"og:locale\" content=\"en_US\" \/>\n<meta property=\"og:type\" content=\"article\" \/>\n<meta property=\"og:title\" content=\"Pol\u00edtica de privacidad y protecci\u00f3n de datos - Fundaci\u00f3n San Genaro\" \/>\n<meta property=\"og:description\" content=\"Contribuimos a mejorar la calidad de vida de las personas en situaci\u00f3n de vulnerabilidad.\" \/>\n<meta property=\"og:url\" content=\"https:\/\/fundacionsangenaro.org.ar\/en\/politica-de-privacidad-y-proteccion-de-datos\/\" \/>\n<meta property=\"og:site_name\" content=\"Fundaci\u00f3n San Genaro\" \/>\n<meta property=\"article:publisher\" content=\"https:\/\/www.facebook.com\/fundacionsangenaro\/\" \/>\n<meta property=\"article:modified_time\" content=\"2024-01-25T14:25:51+00:00\" \/>\n<meta name=\"twitter:card\" content=\"summary_large_image\" \/>\n<meta name=\"twitter:label1\" content=\"Est. reading time\" \/>\n\t<meta name=\"twitter:data1\" content=\"10 minutes\" \/>\n<script type=\"application\/ld+json\" class=\"yoast-schema-graph\">{\"@context\":\"https:\\\/\\\/schema.org\",\"@graph\":[{\"@type\":\"WebPage\",\"@id\":\"https:\\\/\\\/fundacionsangenaro.org.ar\\\/politica-de-privacidad-y-proteccion-de-datos\\\/\",\"url\":\"https:\\\/\\\/fundacionsangenaro.org.ar\\\/politica-de-privacidad-y-proteccion-de-datos\\\/\",\"name\":\"Pol\u00edtica de privacidad y protecci\u00f3n de datos - Fundaci\u00f3n San Genaro\",\"isPartOf\":{\"@id\":\"https:\\\/\\\/fundacionsangenaro.org.ar\\\/#website\"},\"datePublished\":\"2023-09-26T19:02:02+00:00\",\"dateModified\":\"2024-01-25T14:25:51+00:00\",\"description\":\"Contribuimos a mejorar la calidad de vida de las personas en situaci\u00f3n de vulnerabilidad.\",\"breadcrumb\":{\"@id\":\"https:\\\/\\\/fundacionsangenaro.org.ar\\\/politica-de-privacidad-y-proteccion-de-datos\\\/#breadcrumb\"},\"inLanguage\":\"en-US\",\"potentialAction\":[{\"@type\":\"ReadAction\",\"target\":[\"https:\\\/\\\/fundacionsangenaro.org.ar\\\/politica-de-privacidad-y-proteccion-de-datos\\\/\"]}]},{\"@type\":\"BreadcrumbList\",\"@id\":\"https:\\\/\\\/fundacionsangenaro.org.ar\\\/politica-de-privacidad-y-proteccion-de-datos\\\/#breadcrumb\",\"itemListElement\":[{\"@type\":\"ListItem\",\"position\":1,\"name\":\"Portada\",\"item\":\"https:\\\/\\\/fundacionsangenaro.org.ar\\\/\"},{\"@type\":\"ListItem\",\"position\":2,\"name\":\"Pol\u00edtica de privacidad y protecci\u00f3n de datos\"}]},{\"@type\":\"WebSite\",\"@id\":\"https:\\\/\\\/fundacionsangenaro.org.ar\\\/#website\",\"url\":\"https:\\\/\\\/fundacionsangenaro.org.ar\\\/\",\"name\":\"Fundaci\u00f3n San Genaro\",\"description\":\"La solidaridad nos une\",\"publisher\":{\"@id\":\"https:\\\/\\\/fundacionsangenaro.org.ar\\\/#organization\"},\"potentialAction\":[{\"@type\":\"SearchAction\",\"target\":{\"@type\":\"EntryPoint\",\"urlTemplate\":\"https:\\\/\\\/fundacionsangenaro.org.ar\\\/?s={search_term_string}\"},\"query-input\":{\"@type\":\"PropertyValueSpecification\",\"valueRequired\":true,\"valueName\":\"search_term_string\"}}],\"inLanguage\":\"en-US\"},{\"@type\":\"Organization\",\"@id\":\"https:\\\/\\\/fundacionsangenaro.org.ar\\\/#organization\",\"name\":\"Fundaci\u00f3n San Genaro\",\"url\":\"https:\\\/\\\/fundacionsangenaro.org.ar\\\/\",\"logo\":{\"@type\":\"ImageObject\",\"inLanguage\":\"en-US\",\"@id\":\"https:\\\/\\\/fundacionsangenaro.org.ar\\\/#\\\/schema\\\/logo\\\/image\\\/\",\"url\":\"https:\\\/\\\/sangenaro.org\\\/wp-content\\\/uploads\\\/2019\\\/08\\\/logo-azul.svg\",\"contentUrl\":\"https:\\\/\\\/sangenaro.org\\\/wp-content\\\/uploads\\\/2019\\\/08\\\/logo-azul.svg\",\"width\":1,\"height\":1,\"caption\":\"Fundaci\u00f3n San Genaro\"},\"image\":{\"@id\":\"https:\\\/\\\/fundacionsangenaro.org.ar\\\/#\\\/schema\\\/logo\\\/image\\\/\"},\"sameAs\":[\"https:\\\/\\\/www.facebook.com\\\/fundacionsangenaro\\\/\",\"https:\\\/\\\/www.instagram.com\\\/fundacionsangenaro\\\/\"]}]}<\/script>\n<!-- \/ Yoast SEO plugin. -->","yoast_head_json":{"title":"Pol\u00edtica de privacidad y protecci\u00f3n de datos - Fundaci\u00f3n San Genaro","description":"Contribuimos a mejorar la calidad de vida de las personas en situaci\u00f3n de vulnerabilidad.","robots":{"index":"index","follow":"follow","max-snippet":"max-snippet:-1","max-image-preview":"max-image-preview:large","max-video-preview":"max-video-preview:-1"},"canonical":"https:\/\/fundacionsangenaro.org.ar\/en\/politica-de-privacidad-y-proteccion-de-datos\/","og_locale":"en_US","og_type":"article","og_title":"Pol\u00edtica de privacidad y protecci\u00f3n de datos - Fundaci\u00f3n San Genaro","og_description":"Contribuimos a mejorar la calidad de vida de las personas en situaci\u00f3n de vulnerabilidad.","og_url":"https:\/\/fundacionsangenaro.org.ar\/en\/politica-de-privacidad-y-proteccion-de-datos\/","og_site_name":"Fundaci\u00f3n San Genaro","article_publisher":"https:\/\/www.facebook.com\/fundacionsangenaro\/","article_modified_time":"2024-01-25T14:25:51+00:00","twitter_card":"summary_large_image","twitter_misc":{"Est. reading time":"10 minutes"},"schema":{"@context":"https:\/\/schema.org","@graph":[{"@type":"WebPage","@id":"https:\/\/fundacionsangenaro.org.ar\/politica-de-privacidad-y-proteccion-de-datos\/","url":"https:\/\/fundacionsangenaro.org.ar\/politica-de-privacidad-y-proteccion-de-datos\/","name":"Pol\u00edtica de privacidad y protecci\u00f3n de datos - Fundaci\u00f3n San Genaro","isPartOf":{"@id":"https:\/\/fundacionsangenaro.org.ar\/#website"},"datePublished":"2023-09-26T19:02:02+00:00","dateModified":"2024-01-25T14:25:51+00:00","description":"Contribuimos a mejorar la calidad de vida de las personas en situaci\u00f3n de vulnerabilidad.","breadcrumb":{"@id":"https:\/\/fundacionsangenaro.org.ar\/politica-de-privacidad-y-proteccion-de-datos\/#breadcrumb"},"inLanguage":"en-US","potentialAction":[{"@type":"ReadAction","target":["https:\/\/fundacionsangenaro.org.ar\/politica-de-privacidad-y-proteccion-de-datos\/"]}]},{"@type":"BreadcrumbList","@id":"https:\/\/fundacionsangenaro.org.ar\/politica-de-privacidad-y-proteccion-de-datos\/#breadcrumb","itemListElement":[{"@type":"ListItem","position":1,"name":"Portada","item":"https:\/\/fundacionsangenaro.org.ar\/"},{"@type":"ListItem","position":2,"name":"Pol\u00edtica de privacidad y protecci\u00f3n de datos"}]},{"@type":"WebSite","@id":"https:\/\/fundacionsangenaro.org.ar\/#website","url":"https:\/\/fundacionsangenaro.org.ar\/","name":"Fundaci\u00f3n San Genaro","description":"La solidaridad nos une","publisher":{"@id":"https:\/\/fundacionsangenaro.org.ar\/#organization"},"potentialAction":[{"@type":"SearchAction","target":{"@type":"EntryPoint","urlTemplate":"https:\/\/fundacionsangenaro.org.ar\/?s={search_term_string}"},"query-input":{"@type":"PropertyValueSpecification","valueRequired":true,"valueName":"search_term_string"}}],"inLanguage":"en-US"},{"@type":"Organization","@id":"https:\/\/fundacionsangenaro.org.ar\/#organization","name":"Fundaci\u00f3n San Genaro","url":"https:\/\/fundacionsangenaro.org.ar\/","logo":{"@type":"ImageObject","inLanguage":"en-US","@id":"https:\/\/fundacionsangenaro.org.ar\/#\/schema\/logo\/image\/","url":"https:\/\/sangenaro.org\/wp-content\/uploads\/2019\/08\/logo-azul.svg","contentUrl":"https:\/\/sangenaro.org\/wp-content\/uploads\/2019\/08\/logo-azul.svg","width":1,"height":1,"caption":"Fundaci\u00f3n San Genaro"},"image":{"@id":"https:\/\/fundacionsangenaro.org.ar\/#\/schema\/logo\/image\/"},"sameAs":["https:\/\/www.facebook.com\/fundacionsangenaro\/","https:\/\/www.instagram.com\/fundacionsangenaro\/"]}]}},"_links":{"self":[{"href":"https:\/\/fundacionsangenaro.org.ar\/en\/wp-json\/wp\/v2\/pages\/491","targetHints":{"allow":["GET"]}}],"collection":[{"href":"https:\/\/fundacionsangenaro.org.ar\/en\/wp-json\/wp\/v2\/pages"}],"about":[{"href":"https:\/\/fundacionsangenaro.org.ar\/en\/wp-json\/wp\/v2\/types\/page"}],"author":[{"embeddable":true,"href":"https:\/\/fundacionsangenaro.org.ar\/en\/wp-json\/wp\/v2\/users\/2"}],"replies":[{"embeddable":true,"href":"https:\/\/fundacionsangenaro.org.ar\/en\/wp-json\/wp\/v2\/comments?post=491"}],"version-history":[{"count":0,"href":"https:\/\/fundacionsangenaro.org.ar\/en\/wp-json\/wp\/v2\/pages\/491\/revisions"}],"wp:attachment":[{"href":"https:\/\/fundacionsangenaro.org.ar\/en\/wp-json\/wp\/v2\/media?parent=491"}],"curies":[{"name":"wp","href":"https:\/\/api.w.org\/{rel}","templated":true}]}}