{"id":1090,"date":"2024-01-26T09:04:53","date_gmt":"2024-01-26T12:04:53","guid":{"rendered":"https:\/\/fundacionsangenaro.org.ar\/?page_id=1090"},"modified":"2024-07-01T19:56:58","modified_gmt":"2024-07-01T22:56:58","slug":"conocenos","status":"publish","type":"page","link":"https:\/\/fundacionsangenaro.org.ar\/en\/conocenos\/","title":{"rendered":"About us"},"content":{"rendered":"<div data-elementor-type=\"wp-page\" data-elementor-id=\"1090\" class=\"elementor elementor-1090\" data-elementor-post-type=\"page\">\n\t\t\t\t\t\t<section class=\"elementor-section elementor-top-section elementor-element elementor-element-27c0653 elementor-section-full_width elementor-section-height-default elementor-section-height-default\" data-id=\"27c0653\" data-element_type=\"section\" data-e-type=\"section\">\n\t\t\t\t\t\t<div class=\"elementor-container elementor-column-gap-default\">\n\t\t\t\t\t<div class=\"elementor-column elementor-col-50 elementor-top-column elementor-element elementor-element-4e5fb7a\" data-id=\"4e5fb7a\" data-element_type=\"column\" data-e-type=\"column\" data-settings=\"{&quot;background_background&quot;:&quot;classic&quot;}\">\n\t\t\t<div class=\"elementor-widget-wrap elementor-element-populated\">\n\t\t\t\t\t\t<div class=\"elementor-element elementor-element-4c94b84 elementor-widget elementor-widget-spacer\" data-id=\"4c94b84\" data-element_type=\"widget\" data-e-type=\"widget\" data-widget_type=\"spacer.default\">\n\t\t\t\t<div class=\"elementor-widget-container\">\n\t\t\t\t\t\t\t<div class=\"elementor-spacer\">\n\t\t\t<div class=\"elementor-spacer-inner\"><\/div>\n\t\t<\/div>\n\t\t\t\t\t\t<\/div>\n\t\t\t\t<\/div>\n\t\t\t\t\t<\/div>\n\t\t<\/div>\n\t\t\t\t<div class=\"elementor-column elementor-col-50 elementor-top-column elementor-element elementor-element-2998c25\" data-id=\"2998c25\" data-element_type=\"column\" data-e-type=\"column\">\n\t\t\t<div class=\"elementor-widget-wrap elementor-element-populated\">\n\t\t\t\t\t\t<div class=\"elementor-element elementor-element-5af458e elementor-widget-tablet__width-initial elementor-widget elementor-widget-text-editor\" data-id=\"5af458e\" data-element_type=\"widget\" data-e-type=\"widget\" data-widget_type=\"text-editor.default\">\n\t\t\t\t<div class=\"elementor-widget-container\">\n\t\t\t\t\t\t\t\t\t<p class=\"p2 translation-block\">We are a non-profit social organization that has been weaving stories of joy and solidarity since 2011. Our clear mission is to enhance the quality of life for vulnerable communities through transformative projects<\/p>\t\t\t\t\t\t\t\t<\/div>\n\t\t\t\t<\/div>\n\t\t\t\t<div class=\"elementor-element elementor-element-794230f elementor-align-left elementor-tablet-align-center elementor-widget elementor-widget-button\" data-id=\"794230f\" data-element_type=\"widget\" data-e-type=\"widget\" data-widget_type=\"button.default\">\n\t\t\t\t<div class=\"elementor-widget-container\">\n\t\t\t\t\t\t\t\t\t<div class=\"elementor-button-wrapper\">\n\t\t\t\t\t<a class=\"elementor-button elementor-button-link elementor-size-sm\" href=\"https:\/\/fundacionsangenaro.org.ar\/en\/donar\/\">\n\t\t\t\t\t\t<span class=\"elementor-button-content-wrapper\">\n\t\t\t\t\t\t\t\t\t<span class=\"elementor-button-text\">GET INVOLVED<\/span>\n\t\t\t\t\t<\/span>\n\t\t\t\t\t<\/a>\n\t\t\t\t<\/div>\n\t\t\t\t\t\t\t\t<\/div>\n\t\t\t\t<\/div>\n\t\t\t\t\t<\/div>\n\t\t<\/div>\n\t\t\t\t\t<\/div>\n\t\t<\/section>\n\t\t\t\t<section class=\"elementor-section elementor-top-section elementor-element elementor-element-71dea6a elementor-section-height-min-height elementor-section-items-stretch elementor-reverse-mobile elementor-section-full_width elementor-section-height-default\" data-id=\"71dea6a\" data-element_type=\"section\" data-e-type=\"section\">\n\t\t\t\t\t\t<div class=\"elementor-container elementor-column-gap-default\">\n\t\t\t\t\t<div class=\"elementor-column elementor-col-50 elementor-top-column elementor-element elementor-element-9275f1d\" data-id=\"9275f1d\" data-element_type=\"column\" data-e-type=\"column\">\n\t\t\t<div class=\"elementor-widget-wrap elementor-element-populated\">\n\t\t\t\t\t\t<div class=\"elementor-element elementor-element-f4a71c2 elementor-arrows-position-inside elementor-widget elementor-widget-image-carousel\" data-id=\"f4a71c2\" data-element_type=\"widget\" data-e-type=\"widget\" data-settings=\"{&quot;slides_to_show&quot;:&quot;1&quot;,&quot;navigation&quot;:&quot;arrows&quot;,&quot;autoplay&quot;:&quot;yes&quot;,&quot;pause_on_hover&quot;:&quot;yes&quot;,&quot;pause_on_interaction&quot;:&quot;yes&quot;,&quot;autoplay_speed&quot;:5000,&quot;infinite&quot;:&quot;yes&quot;,&quot;effect&quot;:&quot;slide&quot;,&quot;speed&quot;:500}\" data-widget_type=\"image-carousel.default\">\n\t\t\t\t<div class=\"elementor-widget-container\">\n\t\t\t\t\t\t\t<div class=\"elementor-image-carousel-wrapper swiper\" role=\"region\" aria-roledescription=\"carousel\" aria-label=\"Carrusel de im\u00e1genes\" dir=\"ltr\">\n\t\t\t<div class=\"elementor-image-carousel swiper-wrapper swiper-image-stretch\" aria-live=\"off\">\n\t\t\t\t\t\t\t\t<div class=\"swiper-slide\" role=\"group\" aria-roledescription=\"slide\" aria-label=\"1 de 5\"><figure class=\"swiper-slide-inner\"><img decoding=\"async\" class=\"swiper-slide-image\" src=\"https:\/\/fundacionsangenaro.org.ar\/wp-content\/uploads\/2024\/01\/nidereadia2-81.jpg\" alt=\"nidereadia2-81\" \/><\/figure><\/div><div class=\"swiper-slide\" role=\"group\" aria-roledescription=\"slide\" aria-label=\"2 de 5\"><figure class=\"swiper-slide-inner\"><img decoding=\"async\" class=\"swiper-slide-image\" src=\"https:\/\/fundacionsangenaro.org.ar\/wp-content\/uploads\/2024\/01\/nidereadia2-80.jpg\" alt=\"nidereadia2-80\" \/><\/figure><\/div><div class=\"swiper-slide\" role=\"group\" aria-roledescription=\"slide\" aria-label=\"3 de 5\"><figure class=\"swiper-slide-inner\"><img decoding=\"async\" class=\"swiper-slide-image\" src=\"https:\/\/fundacionsangenaro.org.ar\/wp-content\/uploads\/2024\/01\/nidereadia2-42.jpg\" alt=\"nidereadia2-42\" \/><\/figure><\/div><div class=\"swiper-slide\" role=\"group\" aria-roledescription=\"slide\" aria-label=\"4 de 5\"><figure class=\"swiper-slide-inner\"><img decoding=\"async\" class=\"swiper-slide-image\" src=\"https:\/\/fundacionsangenaro.org.ar\/wp-content\/uploads\/2024\/01\/nidereadia2-40.jpg\" alt=\"nidereadia2-40\" \/><\/figure><\/div><div class=\"swiper-slide\" role=\"group\" aria-roledescription=\"slide\" aria-label=\"5 de 5\"><figure class=\"swiper-slide-inner\"><img decoding=\"async\" class=\"swiper-slide-image\" src=\"https:\/\/fundacionsangenaro.org.ar\/wp-content\/uploads\/2024\/01\/nideraenojodeagua-78.jpg\" alt=\"nideraenojodeagua-78\" \/><\/figure><\/div>\t\t\t<\/div>\n\t\t\t\t\t\t\t\t\t\t\t\t<div class=\"elementor-swiper-button elementor-swiper-button-prev\" role=\"button\" tabindex=\"0\">\n\t\t\t\t\t\t<i aria-hidden=\"true\" class=\"eicon-chevron-left\"><\/i>\t\t\t\t\t<\/div>\n\t\t\t\t\t<div class=\"elementor-swiper-button elementor-swiper-button-next\" role=\"button\" tabindex=\"0\">\n\t\t\t\t\t\t<i aria-hidden=\"true\" class=\"eicon-chevron-right\"><\/i>\t\t\t\t\t<\/div>\n\t\t\t\t\n\t\t\t\t\t\t\t\t\t<\/div>\n\t\t\t\t\t\t<\/div>\n\t\t\t\t<\/div>\n\t\t\t\t\t<\/div>\n\t\t<\/div>\n\t\t\t\t<div class=\"elementor-column elementor-col-50 elementor-top-column elementor-element elementor-element-20210a8\" data-id=\"20210a8\" data-element_type=\"column\" data-e-type=\"column\">\n\t\t\t<div class=\"elementor-widget-wrap elementor-element-populated\">\n\t\t\t\t\t\t<div class=\"elementor-element elementor-element-db748f6 elementor-widget__width-initial elementor-widget elementor-widget-heading\" data-id=\"db748f6\" data-element_type=\"widget\" data-e-type=\"widget\" data-widget_type=\"heading.default\">\n\t\t\t\t<div class=\"elementor-widget-container\">\n\t\t\t\t\t<h2 class=\"elementor-heading-title elementor-size-default\">MISSION<\/h2>\t\t\t\t<\/div>\n\t\t\t\t<\/div>\n\t\t\t\t<div class=\"elementor-element elementor-element-4b29b03 elementor-widget-tablet__width-initial elementor-widget elementor-widget-text-editor\" data-id=\"4b29b03\" data-element_type=\"widget\" data-e-type=\"widget\" data-widget_type=\"text-editor.default\">\n\t\t\t\t<div class=\"elementor-widget-container\">\n\t\t\t\t\t\t\t\t\t<p>Our goal is to make a positive impact on the lives of those in need, focusing on creating meaningful change.<\/p>\t\t\t\t\t\t\t\t<\/div>\n\t\t\t\t<\/div>\n\t\t\t\t\t<\/div>\n\t\t<\/div>\n\t\t\t\t\t<\/div>\n\t\t<\/section>\n\t\t\t\t<section class=\"elementor-section elementor-top-section elementor-element elementor-element-140e6a0 elementor-section-boxed elementor-section-height-default elementor-section-height-default\" data-id=\"140e6a0\" data-element_type=\"section\" data-e-type=\"section\" data-settings=\"{&quot;background_background&quot;:&quot;classic&quot;}\">\n\t\t\t\t\t\t<div class=\"elementor-container elementor-column-gap-default\">\n\t\t\t\t\t<div class=\"elementor-column elementor-col-100 elementor-top-column elementor-element elementor-element-2c083ad\" data-id=\"2c083ad\" data-element_type=\"column\" data-e-type=\"column\">\n\t\t\t<div class=\"elementor-widget-wrap elementor-element-populated\">\n\t\t\t\t\t\t<div class=\"elementor-element elementor-element-f74e49c elementor-widget__width-initial elementor-widget elementor-widget-text-editor\" data-id=\"f74e49c\" data-element_type=\"widget\" data-e-type=\"widget\" data-widget_type=\"text-editor.default\">\n\t\t\t\t<div class=\"elementor-widget-container\">\n\t\t\t\t\t\t\t\t\t<p class=\"p2\">We undertake projects with a focus on education, health, water access, and community development, aiming to empower women and children. Our close collaboration with local institutions enhances the effectiveness and sustainability of our initiatives.<\/p>\t\t\t\t\t\t\t\t<\/div>\n\t\t\t\t<\/div>\n\t\t\t\t\t<\/div>\n\t\t<\/div>\n\t\t\t\t\t<\/div>\n\t\t<\/section>\n\t\t\t\t<section class=\"elementor-section elementor-top-section elementor-element elementor-element-f407112 elementor-section-height-min-height elementor-section-items-stretch elementor-reverse-mobile elementor-section-full_width elementor-section-height-default\" data-id=\"f407112\" data-element_type=\"section\" data-e-type=\"section\">\n\t\t\t\t\t\t<div class=\"elementor-container elementor-column-gap-default\">\n\t\t\t\t\t<div class=\"elementor-column elementor-col-50 elementor-top-column elementor-element elementor-element-9db1be5\" data-id=\"9db1be5\" data-element_type=\"column\" data-e-type=\"column\">\n\t\t\t<div class=\"elementor-widget-wrap elementor-element-populated\">\n\t\t\t\t\t\t<div class=\"elementor-element elementor-element-b7a7170 elementor-widget-tablet__width-initial elementor-widget elementor-widget-text-editor\" data-id=\"b7a7170\" data-element_type=\"widget\" data-e-type=\"widget\" data-widget_type=\"text-editor.default\">\n\t\t\t\t<div class=\"elementor-widget-container\">\n\t\t\t\t\t\t\t\t\t<p class=\"p2\">We firmly believe in the central role of children and women as the driving force for positive change in every community. Acknowledging the crucial role of local institutions, we emphasize the significance of collaborative efforts. Our commitment lies in fostering humble and generous teamwork, firmly convinced that the time to act is now.<\/p>\t\t\t\t\t\t\t\t<\/div>\n\t\t\t\t<\/div>\n\t\t\t\t\t<\/div>\n\t\t<\/div>\n\t\t\t\t<div class=\"elementor-column elementor-col-50 elementor-top-column elementor-element elementor-element-d95fb6a\" data-id=\"d95fb6a\" data-element_type=\"column\" data-e-type=\"column\">\n\t\t\t<div class=\"elementor-widget-wrap elementor-element-populated\">\n\t\t\t\t\t\t<div class=\"elementor-element elementor-element-b82d70d elementor-widget elementor-widget-video\" data-id=\"b82d70d\" data-element_type=\"widget\" data-e-type=\"widget\" data-settings=\"{&quot;youtube_url&quot;:&quot;https:\\\/\\\/youtu.be\\\/auhon4HH1sI?si=pSKJ9azLaxJaOiPQ&quot;,&quot;video_type&quot;:&quot;youtube&quot;,&quot;controls&quot;:&quot;yes&quot;}\" data-widget_type=\"video.default\">\n\t\t\t\t<div class=\"elementor-widget-container\">\n\t\t\t\t\t\t\t<div class=\"elementor-wrapper elementor-open-inline\">\n\t\t\t<div class=\"elementor-video\"><\/div>\t\t<\/div>\n\t\t\t\t\t\t<\/div>\n\t\t\t\t<\/div>\n\t\t\t\t\t<\/div>\n\t\t<\/div>\n\t\t\t\t\t<\/div>\n\t\t<\/section>\n\t\t\t\t<\/div>","protected":false},"excerpt":{"rendered":"<p>Somos una organizaci\u00f3n social sin fines de lucro donde, desde 2011, tejemos historias de alegr\u00eda y solidaridad con una clara misi\u00f3n: mejorar la calidad de vida de comunidades vulnerables a trav\u00e9s de proyectos transformadores. C\u00d3MO COLABORAR MISI\u00d3N Nuestra misi\u00f3n es mejorar la calidad de vida de comunidades vulnerables. Llevamos a cabo proyectos enfocados en educaci\u00f3n, [&hellip;]<\/p>\n","protected":false},"author":2,"featured_media":0,"parent":0,"menu_order":0,"comment_status":"closed","ping_status":"closed","template":"elementor_header_footer","meta":{"inline_featured_image":false,"footnotes":""},"class_list":["post-1090","page","type-page","status-publish","hentry"],"yoast_head":"<!-- This site is optimized with the Yoast SEO plugin v27.4 - https:\/\/yoast.com\/product\/yoast-seo-wordpress\/ -->\n<title>Conocenos - Fundaci\u00f3n San Genaro<\/title>\n<meta name=\"description\" content=\"Contribuimos a mejorar la calidad de vida de las personas en situaci\u00f3n de vulnerabilidad.\" \/>\n<meta name=\"robots\" content=\"index, follow, max-snippet:-1, max-image-preview:large, max-video-preview:-1\" \/>\n<link rel=\"canonical\" href=\"https:\/\/fundacionsangenaro.org.ar\/en\/conocenos\/\" \/>\n<meta property=\"og:locale\" content=\"en_US\" \/>\n<meta property=\"og:type\" content=\"article\" \/>\n<meta property=\"og:title\" content=\"Conocenos - Fundaci\u00f3n San Genaro\" \/>\n<meta property=\"og:description\" content=\"Contribuimos a mejorar la calidad de vida de las personas en situaci\u00f3n de vulnerabilidad.\" \/>\n<meta property=\"og:url\" content=\"https:\/\/fundacionsangenaro.org.ar\/en\/conocenos\/\" \/>\n<meta property=\"og:site_name\" content=\"Fundaci\u00f3n San Genaro\" \/>\n<meta property=\"article:publisher\" content=\"https:\/\/www.facebook.com\/fundacionsangenaro\/\" \/>\n<meta property=\"article:modified_time\" content=\"2024-07-01T22:56:58+00:00\" \/>\n<meta property=\"og:image\" content=\"https:\/\/fundacionsangenaro.org.ar\/wp-content\/uploads\/2024\/01\/nidereadia2-81.jpg\" \/>\n<meta name=\"twitter:card\" content=\"summary_large_image\" \/>\n<meta name=\"twitter:label1\" content=\"Est. reading time\" \/>\n\t<meta name=\"twitter:data1\" content=\"2 minutes\" \/>\n<script type=\"application\/ld+json\" class=\"yoast-schema-graph\">{\"@context\":\"https:\\\/\\\/schema.org\",\"@graph\":[{\"@type\":\"WebPage\",\"@id\":\"https:\\\/\\\/fundacionsangenaro.org.ar\\\/conocenos\\\/\",\"url\":\"https:\\\/\\\/fundacionsangenaro.org.ar\\\/conocenos\\\/\",\"name\":\"Conocenos - Fundaci\u00f3n San Genaro\",\"isPartOf\":{\"@id\":\"https:\\\/\\\/fundacionsangenaro.org.ar\\\/#website\"},\"primaryImageOfPage\":{\"@id\":\"https:\\\/\\\/fundacionsangenaro.org.ar\\\/conocenos\\\/#primaryimage\"},\"image\":{\"@id\":\"https:\\\/\\\/fundacionsangenaro.org.ar\\\/conocenos\\\/#primaryimage\"},\"thumbnailUrl\":\"https:\\\/\\\/fundacionsangenaro.org.ar\\\/wp-content\\\/uploads\\\/2024\\\/01\\\/nidereadia2-81.jpg\",\"datePublished\":\"2024-01-26T12:04:53+00:00\",\"dateModified\":\"2024-07-01T22:56:58+00:00\",\"description\":\"Contribuimos a mejorar la calidad de vida de las personas en situaci\u00f3n de vulnerabilidad.\",\"breadcrumb\":{\"@id\":\"https:\\\/\\\/fundacionsangenaro.org.ar\\\/conocenos\\\/#breadcrumb\"},\"inLanguage\":\"en-US\",\"potentialAction\":[{\"@type\":\"ReadAction\",\"target\":[\"https:\\\/\\\/fundacionsangenaro.org.ar\\\/conocenos\\\/\"]}]},{\"@type\":\"ImageObject\",\"inLanguage\":\"en-US\",\"@id\":\"https:\\\/\\\/fundacionsangenaro.org.ar\\\/conocenos\\\/#primaryimage\",\"url\":\"https:\\\/\\\/fundacionsangenaro.org.ar\\\/wp-content\\\/uploads\\\/2024\\\/01\\\/nidereadia2-81.jpg\",\"contentUrl\":\"https:\\\/\\\/fundacionsangenaro.org.ar\\\/wp-content\\\/uploads\\\/2024\\\/01\\\/nidereadia2-81.jpg\"},{\"@type\":\"BreadcrumbList\",\"@id\":\"https:\\\/\\\/fundacionsangenaro.org.ar\\\/conocenos\\\/#breadcrumb\",\"itemListElement\":[{\"@type\":\"ListItem\",\"position\":1,\"name\":\"Portada\",\"item\":\"https:\\\/\\\/fundacionsangenaro.org.ar\\\/\"},{\"@type\":\"ListItem\",\"position\":2,\"name\":\"Conocenos\"}]},{\"@type\":\"WebSite\",\"@id\":\"https:\\\/\\\/fundacionsangenaro.org.ar\\\/#website\",\"url\":\"https:\\\/\\\/fundacionsangenaro.org.ar\\\/\",\"name\":\"Fundaci\u00f3n San Genaro\",\"description\":\"La solidaridad nos une\",\"publisher\":{\"@id\":\"https:\\\/\\\/fundacionsangenaro.org.ar\\\/#organization\"},\"potentialAction\":[{\"@type\":\"SearchAction\",\"target\":{\"@type\":\"EntryPoint\",\"urlTemplate\":\"https:\\\/\\\/fundacionsangenaro.org.ar\\\/?s={search_term_string}\"},\"query-input\":{\"@type\":\"PropertyValueSpecification\",\"valueRequired\":true,\"valueName\":\"search_term_string\"}}],\"inLanguage\":\"en-US\"},{\"@type\":\"Organization\",\"@id\":\"https:\\\/\\\/fundacionsangenaro.org.ar\\\/#organization\",\"name\":\"Fundaci\u00f3n San Genaro\",\"url\":\"https:\\\/\\\/fundacionsangenaro.org.ar\\\/\",\"logo\":{\"@type\":\"ImageObject\",\"inLanguage\":\"en-US\",\"@id\":\"https:\\\/\\\/fundacionsangenaro.org.ar\\\/#\\\/schema\\\/logo\\\/image\\\/\",\"url\":\"https:\\\/\\\/sangenaro.org\\\/wp-content\\\/uploads\\\/2019\\\/08\\\/logo-azul.svg\",\"contentUrl\":\"https:\\\/\\\/sangenaro.org\\\/wp-content\\\/uploads\\\/2019\\\/08\\\/logo-azul.svg\",\"width\":1,\"height\":1,\"caption\":\"Fundaci\u00f3n San Genaro\"},\"image\":{\"@id\":\"https:\\\/\\\/fundacionsangenaro.org.ar\\\/#\\\/schema\\\/logo\\\/image\\\/\"},\"sameAs\":[\"https:\\\/\\\/www.facebook.com\\\/fundacionsangenaro\\\/\",\"https:\\\/\\\/www.instagram.com\\\/fundacionsangenaro\\\/\"]}]}<\/script>\n<!-- \/ Yoast SEO plugin. -->","yoast_head_json":{"title":"Conocenos - Fundaci\u00f3n San Genaro","description":"Contribuimos a mejorar la calidad de vida de las personas en situaci\u00f3n de vulnerabilidad.","robots":{"index":"index","follow":"follow","max-snippet":"max-snippet:-1","max-image-preview":"max-image-preview:large","max-video-preview":"max-video-preview:-1"},"canonical":"https:\/\/fundacionsangenaro.org.ar\/en\/conocenos\/","og_locale":"en_US","og_type":"article","og_title":"Conocenos - Fundaci\u00f3n San Genaro","og_description":"Contribuimos a mejorar la calidad de vida de las personas en situaci\u00f3n de vulnerabilidad.","og_url":"https:\/\/fundacionsangenaro.org.ar\/en\/conocenos\/","og_site_name":"Fundaci\u00f3n San Genaro","article_publisher":"https:\/\/www.facebook.com\/fundacionsangenaro\/","article_modified_time":"2024-07-01T22:56:58+00:00","og_image":[{"url":"https:\/\/fundacionsangenaro.org.ar\/wp-content\/uploads\/2024\/01\/nidereadia2-81.jpg","type":"","width":"","height":""}],"twitter_card":"summary_large_image","twitter_misc":{"Est. reading time":"2 minutes"},"schema":{"@context":"https:\/\/schema.org","@graph":[{"@type":"WebPage","@id":"https:\/\/fundacionsangenaro.org.ar\/conocenos\/","url":"https:\/\/fundacionsangenaro.org.ar\/conocenos\/","name":"Conocenos - Fundaci\u00f3n San Genaro","isPartOf":{"@id":"https:\/\/fundacionsangenaro.org.ar\/#website"},"primaryImageOfPage":{"@id":"https:\/\/fundacionsangenaro.org.ar\/conocenos\/#primaryimage"},"image":{"@id":"https:\/\/fundacionsangenaro.org.ar\/conocenos\/#primaryimage"},"thumbnailUrl":"https:\/\/fundacionsangenaro.org.ar\/wp-content\/uploads\/2024\/01\/nidereadia2-81.jpg","datePublished":"2024-01-26T12:04:53+00:00","dateModified":"2024-07-01T22:56:58+00:00","description":"Contribuimos a mejorar la calidad de vida de las personas en situaci\u00f3n de vulnerabilidad.","breadcrumb":{"@id":"https:\/\/fundacionsangenaro.org.ar\/conocenos\/#breadcrumb"},"inLanguage":"en-US","potentialAction":[{"@type":"ReadAction","target":["https:\/\/fundacionsangenaro.org.ar\/conocenos\/"]}]},{"@type":"ImageObject","inLanguage":"en-US","@id":"https:\/\/fundacionsangenaro.org.ar\/conocenos\/#primaryimage","url":"https:\/\/fundacionsangenaro.org.ar\/wp-content\/uploads\/2024\/01\/nidereadia2-81.jpg","contentUrl":"https:\/\/fundacionsangenaro.org.ar\/wp-content\/uploads\/2024\/01\/nidereadia2-81.jpg"},{"@type":"BreadcrumbList","@id":"https:\/\/fundacionsangenaro.org.ar\/conocenos\/#breadcrumb","itemListElement":[{"@type":"ListItem","position":1,"name":"Portada","item":"https:\/\/fundacionsangenaro.org.ar\/"},{"@type":"ListItem","position":2,"name":"Conocenos"}]},{"@type":"WebSite","@id":"https:\/\/fundacionsangenaro.org.ar\/#website","url":"https:\/\/fundacionsangenaro.org.ar\/","name":"Fundaci\u00f3n San Genaro","description":"La solidaridad nos une","publisher":{"@id":"https:\/\/fundacionsangenaro.org.ar\/#organization"},"potentialAction":[{"@type":"SearchAction","target":{"@type":"EntryPoint","urlTemplate":"https:\/\/fundacionsangenaro.org.ar\/?s={search_term_string}"},"query-input":{"@type":"PropertyValueSpecification","valueRequired":true,"valueName":"search_term_string"}}],"inLanguage":"en-US"},{"@type":"Organization","@id":"https:\/\/fundacionsangenaro.org.ar\/#organization","name":"Fundaci\u00f3n San Genaro","url":"https:\/\/fundacionsangenaro.org.ar\/","logo":{"@type":"ImageObject","inLanguage":"en-US","@id":"https:\/\/fundacionsangenaro.org.ar\/#\/schema\/logo\/image\/","url":"https:\/\/sangenaro.org\/wp-content\/uploads\/2019\/08\/logo-azul.svg","contentUrl":"https:\/\/sangenaro.org\/wp-content\/uploads\/2019\/08\/logo-azul.svg","width":1,"height":1,"caption":"Fundaci\u00f3n San Genaro"},"image":{"@id":"https:\/\/fundacionsangenaro.org.ar\/#\/schema\/logo\/image\/"},"sameAs":["https:\/\/www.facebook.com\/fundacionsangenaro\/","https:\/\/www.instagram.com\/fundacionsangenaro\/"]}]}},"_links":{"self":[{"href":"https:\/\/fundacionsangenaro.org.ar\/en\/wp-json\/wp\/v2\/pages\/1090","targetHints":{"allow":["GET"]}}],"collection":[{"href":"https:\/\/fundacionsangenaro.org.ar\/en\/wp-json\/wp\/v2\/pages"}],"about":[{"href":"https:\/\/fundacionsangenaro.org.ar\/en\/wp-json\/wp\/v2\/types\/page"}],"author":[{"embeddable":true,"href":"https:\/\/fundacionsangenaro.org.ar\/en\/wp-json\/wp\/v2\/users\/2"}],"replies":[{"embeddable":true,"href":"https:\/\/fundacionsangenaro.org.ar\/en\/wp-json\/wp\/v2\/comments?post=1090"}],"version-history":[{"count":0,"href":"https:\/\/fundacionsangenaro.org.ar\/en\/wp-json\/wp\/v2\/pages\/1090\/revisions"}],"wp:attachment":[{"href":"https:\/\/fundacionsangenaro.org.ar\/en\/wp-json\/wp\/v2\/media?parent=1090"}],"curies":[{"name":"wp","href":"https:\/\/api.w.org\/{rel}","templated":true}]}}